{"id":10,"date":"2025-03-09T10:33:08","date_gmt":"2025-03-09T10:33:08","guid":{"rendered":"https:\/\/thegreengrocery.es\/?page_id=10"},"modified":"2025-06-27T22:23:46","modified_gmt":"2025-06-27T22:23:46","slug":"inicio","status":"publish","type":"page","link":"https:\/\/thegreengrocery.es\/","title":{"rendered":"Inicio"},"content":{"rendered":"\n<div class=\"wp-block-cover alignfull has-nv-c-1-color has-text-color has-link-color wp-elements-416a1348f369676bf4c6e67b148d4467 wp-duotone-rgb1311636-67ff66-1\" style=\"padding-top:0;padding-bottom:0;min-height:800px;aspect-ratio:unset;\"><img decoding=\"async\" class=\"wp-block-cover__image-background\" alt=\"\" src=\"https:\/\/thegreengrocery.es\/wp-content\/themes\/neve\/assets\/img\/starter-content\/neve-hero-2.png\" style=\"object-position:60% 13%\" data-object-fit=\"cover\" data-object-position=\"60% 13%\"\/><span aria-hidden=\"true\" class=\"wp-block-cover__background has-nv-c-1-background-color has-background-dim-0 has-background-dim\"><\/span><div class=\"wp-block-cover__inner-container is-layout-flow wp-block-cover-is-layout-flow\">\n<div class=\"wp-block-columns are-vertically-aligned-center is-layout-flex wp-container-core-columns-is-layout-9d6595d7 wp-block-columns-is-layout-flex\">\n<div class=\"wp-block-column is-vertically-aligned-center is-layout-flow wp-block-column-is-layout-flow\" style=\"padding-right:var(--wp--preset--spacing--20);padding-left:var(--wp--preset--spacing--20);flex-basis:65%\">\n<div style=\"height:80px\" aria-hidden=\"true\" class=\"wp-block-spacer\"><\/div>\n\n\n\n<h1 class=\"wp-block-heading has-text-align-left has-nv-text-dark-bg-color has-text-color\">Tu tienda de alimentaci\u00f3n <br>100% vegetal<\/h1>\n\n\n\n<p class=\"has-text-align-left has-nv-text-dark-bg-color has-text-color\" style=\"font-size:17px\">Estamos en el Barrio de la Luz (M\u00e1laga)<br>Avenida Isaac Peral, N\u00ba 15, local 2<br>Tel\u00e9fono &#8211; 622127072<\/p>\n\n\n\n<p><\/p>\n\n\n\n<div style=\"height:100px\" aria-hidden=\"true\" class=\"wp-block-spacer\"><\/div>\n<\/div>\n\n\n\n<div class=\"wp-block-column is-vertically-aligned-center is-layout-flow wp-block-column-is-layout-flow\">\n<figure class=\"wp-block-image size-full\"><img loading=\"lazy\" decoding=\"async\" width=\"1080\" height=\"1920\" src=\"https:\/\/thegreengrocery.es\/wp-content\/uploads\/2025\/03\/Subtitulo.png\" alt=\"\" class=\"wp-image-35\" srcset=\"https:\/\/thegreengrocery.es\/wp-content\/uploads\/2025\/03\/Subtitulo.png 1080w, https:\/\/thegreengrocery.es\/wp-content\/uploads\/2025\/03\/Subtitulo-169x300.png 169w, https:\/\/thegreengrocery.es\/wp-content\/uploads\/2025\/03\/Subtitulo-576x1024.png 576w, https:\/\/thegreengrocery.es\/wp-content\/uploads\/2025\/03\/Subtitulo-768x1365.png 768w, https:\/\/thegreengrocery.es\/wp-content\/uploads\/2025\/03\/Subtitulo-864x1536.png 864w\" sizes=\"auto, (max-width: 1080px) 100vw, 1080px\" \/><\/figure>\n<\/div>\n<\/div>\n<\/div><\/div>\n\n\n\n<div style=\"height:100px\" aria-hidden=\"true\" class=\"wp-block-spacer\"><\/div>\n\n\n\n<h2 class=\"wp-block-heading has-text-align-center\">\u00bfEres de M\u00e1laga capital y quieres que hacernos un pedido? <br>\u00a1Te lo llevamos GRATIS a casa!<\/h2>\n\n\n\n<p class=\"has-text-align-center\">Solo tienes que acceder a trav\u00e9s de este enlace y darte de alta:<\/p>\n\n\n\n<div class=\"wp-block-buttons is-content-justification-center is-layout-flex wp-container-core-buttons-is-layout-16018d1d wp-block-buttons-is-layout-flex\">\n<div class=\"wp-block-button is-style-primary\"><a class=\"wp-block-button__link has-nv-site-bg-color has-text-color has-background has-link-color has-text-align-center wp-element-button\" href=\"https:\/\/yocomproenmalaga.com\/establecimientos-comerciales\/the-greengrocery\" style=\"background-color:#0d7424\">HACER PEDIDO<\/a><\/div>\n<\/div>\n\n\n\n<div style=\"height:100px\" aria-hidden=\"true\" class=\"wp-block-spacer\"><\/div>\n\n\n\n<div style=\"height:40px\" aria-hidden=\"true\" class=\"wp-block-spacer\"><\/div>\n\n\n\n<div class=\"wp-block-columns is-layout-flex wp-container-core-columns-is-layout-9d6595d7 wp-block-columns-is-layout-flex\">\n<div class=\"wp-block-column neve-duotone is-layout-flow wp-block-column-is-layout-flow\" style=\"padding-right:var(--wp--preset--spacing--30);padding-left:var(--wp--preset--spacing--30)\"><div class=\"wp-block-image icon-style is-style-default wp-duotone-unset-2\">\n<figure class=\"aligncenter size-full has-custom-border\"><img loading=\"lazy\" decoding=\"async\" width=\"500\" height=\"500\" src=\"https:\/\/thegreengrocery.es\/wp-content\/uploads\/2025\/03\/1.jpg\" alt=\"\" class=\"wp-image-65\" style=\"border-radius:0px\" title=\"\" srcset=\"https:\/\/thegreengrocery.es\/wp-content\/uploads\/2025\/03\/1.jpg 500w, https:\/\/thegreengrocery.es\/wp-content\/uploads\/2025\/03\/1-300x300.jpg 300w, https:\/\/thegreengrocery.es\/wp-content\/uploads\/2025\/03\/1-150x150.jpg 150w\" sizes=\"auto, (max-width: 500px) 100vw, 500px\" \/><\/figure>\n<\/div>\n\n\n<h3 class=\"wp-block-heading has-text-align-center has-neve-text-color-color has-text-color\">100% vegetal<\/h3>\n\n\n\n<p class=\"has-text-align-center\">Todos nuestros productos son 100% vegetales.<\/p>\n\n\n\n<div style=\"height:20px\" aria-hidden=\"true\" class=\"wp-block-spacer\"><\/div>\n<\/div>\n\n\n\n<div class=\"wp-block-column is-layout-flow wp-block-column-is-layout-flow\" style=\"padding-right:var(--wp--preset--spacing--30);padding-left:var(--wp--preset--spacing--30)\"><div class=\"wp-block-image icon-style is-style-default\">\n<figure class=\"aligncenter size-full has-custom-border\"><img loading=\"lazy\" decoding=\"async\" width=\"500\" height=\"500\" src=\"https:\/\/thegreengrocery.es\/wp-content\/uploads\/2025\/03\/2.jpg\" alt=\"\" class=\"wp-image-66\" style=\"border-radius:0px\" title=\"\" srcset=\"https:\/\/thegreengrocery.es\/wp-content\/uploads\/2025\/03\/2.jpg 500w, https:\/\/thegreengrocery.es\/wp-content\/uploads\/2025\/03\/2-300x300.jpg 300w, https:\/\/thegreengrocery.es\/wp-content\/uploads\/2025\/03\/2-150x150.jpg 150w\" sizes=\"auto, (max-width: 500px) 100vw, 500px\" \/><\/figure>\n<\/div>\n\n\n<h3 class=\"wp-block-heading has-text-align-center has-neve-text-color-color has-text-color\">Sin gluten<\/h3>\n\n\n\n<p class=\"has-text-align-center\">Tenemos una variedad de productos sin gluten.<\/p>\n\n\n\n<div style=\"height:20px\" aria-hidden=\"true\" class=\"wp-block-spacer\"><\/div>\n<\/div>\n\n\n\n<div class=\"wp-block-column is-layout-flow wp-block-column-is-layout-flow\" style=\"padding-right:var(--wp--preset--spacing--30);padding-left:var(--wp--preset--spacing--30)\"><div class=\"wp-block-image icon-style is-style-default wp-duotone-unset-3\">\n<figure class=\"aligncenter size-full has-custom-border\"><img loading=\"lazy\" decoding=\"async\" width=\"500\" height=\"500\" src=\"https:\/\/thegreengrocery.es\/wp-content\/uploads\/2025\/03\/3.jpg\" alt=\"\" class=\"wp-image-67\" style=\"border-radius:0px\" title=\"\" srcset=\"https:\/\/thegreengrocery.es\/wp-content\/uploads\/2025\/03\/3.jpg 500w, https:\/\/thegreengrocery.es\/wp-content\/uploads\/2025\/03\/3-300x300.jpg 300w, https:\/\/thegreengrocery.es\/wp-content\/uploads\/2025\/03\/3-150x150.jpg 150w\" sizes=\"auto, (max-width: 500px) 100vw, 500px\" \/><\/figure>\n<\/div>\n\n\n<h3 class=\"wp-block-heading has-text-align-center has-neve-text-color-color has-text-color\">Encarga tu compra<\/h3>\n\n\n\n<p class=\"has-text-align-center\">La tendr\u00e1s lista para recoger o enviar a casa.<\/p>\n\n\n\n<div style=\"height:20px\" aria-hidden=\"true\" class=\"wp-block-spacer\"><\/div>\n<\/div>\n\n\n\n<div class=\"wp-block-column is-layout-flow wp-block-column-is-layout-flow\" style=\"padding-right:var(--wp--preset--spacing--30);padding-left:var(--wp--preset--spacing--30)\"><div class=\"wp-block-image icon-style is-style-default wp-duotone-unset-4\">\n<figure class=\"aligncenter size-full has-custom-border\"><img loading=\"lazy\" decoding=\"async\" width=\"500\" height=\"500\" src=\"https:\/\/thegreengrocery.es\/wp-content\/uploads\/2025\/03\/4.jpg\" alt=\"\" class=\"wp-image-69\" style=\"border-radius:0px\" title=\"\" srcset=\"https:\/\/thegreengrocery.es\/wp-content\/uploads\/2025\/03\/4.jpg 500w, https:\/\/thegreengrocery.es\/wp-content\/uploads\/2025\/03\/4-300x300.jpg 300w, https:\/\/thegreengrocery.es\/wp-content\/uploads\/2025\/03\/4-150x150.jpg 150w\" sizes=\"auto, (max-width: 500px) 100vw, 500px\" \/><\/figure>\n<\/div>\n\n\n<h3 class=\"wp-block-heading has-text-align-center has-neve-text-color-color has-text-color\">Cestas de regalo<\/h3>\n\n\n\n<p class=\"has-text-align-center\">Organizamos cestas de regalo a tu medida.<\/p>\n\n\n\n<div style=\"height:20px\" aria-hidden=\"true\" class=\"wp-block-spacer\"><\/div>\n<\/div>\n<\/div>\n\n\n\n<div class=\"wp-block-cover alignfull is-light has-nv-text-dark-bg-color has-text-color has-link-color wp-elements-8869ef4a17d0e7dcea59b9367862018c\" style=\"min-height:500px;aspect-ratio:unset;\"><span aria-hidden=\"true\" class=\"wp-block-cover__background has-background-dim-100 has-background-dim\" style=\"background-color:#77b978\"><\/span><div class=\"wp-block-cover__inner-container is-layout-flow wp-block-cover-is-layout-flow\">\n<div class=\"wp-block-columns is-layout-flex wp-container-core-columns-is-layout-9d6595d7 wp-block-columns-is-layout-flex\">\n<div class=\"wp-block-column ticss-4ce656f1 has-nv-dark-bg-color has-text-color has-link-color wp-elements-fc97267fcb1a6dcb1e0e0bb81cd0dbf7 is-layout-flow wp-block-column-is-layout-flow\">\n<p class=\"has-text-align-center\">\u2b50\u2b50\u2b50\u2b50\u2b50<\/p>\n\n\n\n<p class=\"has-text-align-center has-nv-dark-bg-color has-text-color has-link-color wp-elements-4fb648552863229888bdbcc167d081f1\">Si quieres productos veganos, tanto para la alimentaci\u00f3n como el cuidado personal, es tu tienda. Te da una atenci\u00f3n personalizada, cercana y con una sonrisa, te explica lo que necesites. Los productos son de muy buena calidad a muy buen precio. Sin duda, esta tienda la recomiendo a toda M\u00e1laga.<\/p>\n\n\n\n<p class=\"has-text-align-center has-nv-dark-bg-color has-text-color has-small-font-size\" style=\"text-transform:uppercase\"><strong>Gabriel<\/strong><\/p>\n\n\n\n<div style=\"height:20px\" aria-hidden=\"true\" class=\"wp-block-spacer\"><\/div>\n<\/div>\n\n\n\n<div class=\"wp-block-column ticss-f6fc7494 has-nv-dark-bg-color has-text-color has-link-color wp-elements-cd86949337cd0b66821349935e562cf7 is-layout-flow wp-block-column-is-layout-flow\">\n<p class=\"has-text-align-center\">\u2b50\u2b50\u2b50\u2b50\u2b50<\/p>\n\n\n\n<p class=\"has-text-align-center has-nv-dark-bg-color has-text-color\">Una atenci\u00f3n personalizada y cercana, sin compromiso te explica y ofrece productos de muy buena calidad a un buen precio. Siempre me acepta encargos incluso por Instagram. Sin duda, esta tienda la recomiendo a toda M\u00e1laga y Espa\u00f1a.<\/p>\n\n\n\n<p class=\"has-text-align-center has-nv-dark-bg-color has-text-color has-small-font-size\" style=\"text-transform:uppercase\"><strong>amanda<\/strong><\/p>\n\n\n\n<div style=\"height:20px\" aria-hidden=\"true\" class=\"wp-block-spacer\"><\/div>\n<\/div>\n\n\n\n<div class=\"wp-block-column ticss-a5b4df29 has-nv-dark-bg-color has-text-color has-link-color wp-elements-7392a33219b79dc248cd465a6155e8d9 is-layout-flow wp-block-column-is-layout-flow\">\n<p class=\"has-text-align-center\">\u2b50\u2b50\u2b50\u2b50\u2b50<\/p>\n\n\n\n<p class=\"has-text-align-center has-nv-dark-bg-color has-text-color\">Sin duda el MEJOR supermercado vegano de M\u00e1laga. Tiene todo y m\u00e1s, incluso productos que no sab\u00edas ni que exist\u00edan. Desde que entr\u00e9 por casualidad una vez, ya no he dejado de volver. Y lo m\u00e1s incre\u00edble de todo es que es barato, pero barato de verdad. No puedo hacer nada m\u00e1s que recomendarlo 1000 veces \u2764\ufe0f.<\/p>\n\n\n\n<p class=\"has-text-align-center has-nv-dark-bg-color has-text-color has-small-font-size\" style=\"text-transform:uppercase\"><strong>vicky<\/strong><\/p>\n\n\n\n<div style=\"height:20px\" aria-hidden=\"true\" class=\"wp-block-spacer\"><\/div>\n<\/div>\n<\/div>\n\n\n\n<div style=\"height:0px\" aria-hidden=\"true\" class=\"wp-block-spacer\"><\/div>\n<\/div><\/div>\n\n\n\n<hr class=\"wp-block-separator has-alpha-channel-opacity\"\/>\n\n\n\n<div class=\"alignnormal\"><div id=\"metaslider-id-80\" style=\"width: 100%;\" class=\"ml-slider-3-105-0 metaslider metaslider-flex metaslider-80 ml-slider has-dots-nav ms-theme-default-base\" role=\"region\" aria-label=\"Nueva presentaci\u00f3n de diapositivas\" data-height=\"350\" data-width=\"980\">\n    <div id=\"metaslider_container_80\">\n        <div id=\"metaslider_80\">\n            <ul class='slides'>\n                <li style=\"display: block; width: 100%;\" class=\"slide-81 ms-image \" aria-roledescription=\"slide\" data-date=\"2025-03-09 14:28:14\" data-filename=\"banners-web-yani-greengrocery-1.jpg\" data-slide-type=\"image\"><img loading=\"lazy\" decoding=\"async\" src=\"https:\/\/thegreengrocery.es\/wp-content\/uploads\/2025\/03\/banners-web-yani-greengrocery-1.jpg\" height=\"350\" width=\"980\" alt=\"\" class=\"slider-80 slide-81 msDefaultImage\" title=\"banners web yani greengrocery\" \/><\/li>\n                <li style=\"display: none; width: 100%;\" class=\"slide-82 ms-image \" aria-roledescription=\"slide\" data-date=\"2025-03-09 14:28:14\" data-filename=\"banners-web-yani-greengrocery.png\" data-slide-type=\"image\"><img loading=\"lazy\" decoding=\"async\" src=\"https:\/\/thegreengrocery.es\/wp-content\/uploads\/2025\/03\/banners-web-yani-greengrocery.png\" height=\"350\" width=\"980\" alt=\"\" class=\"slider-80 slide-82 msDefaultImage\" title=\"banners web yani greengrocery\" \/><\/li>\n                <li style=\"display: none; width: 100%;\" class=\"slide-83 ms-image \" aria-roledescription=\"slide\" data-date=\"2025-03-09 14:28:14\" data-filename=\"banners-web-yani-greengrocery2.jpg\" data-slide-type=\"image\"><img loading=\"lazy\" decoding=\"async\" src=\"https:\/\/thegreengrocery.es\/wp-content\/uploads\/2025\/03\/banners-web-yani-greengrocery2.jpg\" height=\"350\" width=\"980\" alt=\"\" class=\"slider-80 slide-83 msDefaultImage\" title=\"banners web yani greengrocery(2)\" \/><\/li>\n                <li style=\"display: none; width: 100%;\" class=\"slide-86 ms-image \" aria-roledescription=\"slide\" data-date=\"2025-03-09 14:31:20\" data-filename=\"banners-web-yani-greengrocery3.jpg\" data-slide-type=\"image\"><img loading=\"lazy\" decoding=\"async\" src=\"https:\/\/thegreengrocery.es\/wp-content\/uploads\/2025\/03\/banners-web-yani-greengrocery3.jpg\" height=\"350\" width=\"980\" alt=\"\" class=\"slider-80 slide-86 msDefaultImage\" title=\"banners web yani greengrocery(3)\" \/><\/li>\n            <\/ul>\n        <\/div>\n        \n    <\/div>\n<\/div><\/div>\n\n\n\n<hr class=\"wp-block-separator has-alpha-channel-opacity\"\/>\n\n\n\n<div class=\"wp-block-cover alignfull\" style=\"min-height:300px;aspect-ratio:unset;\"><span aria-hidden=\"true\" class=\"wp-block-cover__background has-nv-c-1-background-color has-background-dim-100 has-background-dim\"><\/span><div class=\"wp-block-cover__inner-container is-layout-flow wp-block-cover-is-layout-flow\">\n<div style=\"height:140px\" aria-hidden=\"true\" class=\"wp-block-spacer\"><\/div>\n\n\n\n<div class=\"wp-block-columns is-layout-flex wp-container-core-columns-is-layout-9d6595d7 wp-block-columns-is-layout-flex\">\n<div class=\"wp-block-column is-layout-flow wp-block-column-is-layout-flow\" style=\"flex-basis:20%\"><\/div>\n\n\n\n<div class=\"wp-block-column is-layout-flow wp-block-column-is-layout-flow\" style=\"flex-basis:60%\">\n<div class=\"wp-block-group\"><div class=\"wp-block-group__inner-container is-layout-constrained wp-block-group-is-layout-constrained\">\n<h2 class=\"wp-block-heading has-text-align-center has-nv-dark-bg-color has-text-color\">Esperamos tu visita en el <br>Barrio de la Luz (M\u00e1laga)<\/h2>\n\n\n\n<p class=\"has-text-align-center has-nv-dark-bg-color has-text-color has-link-color wp-elements-a7742aebf0b872f37ef8ea7d4abf078a\"><br>Avenida Isaac Peral, N\u00ba 15, local 2<br>Tel\u00e9fono &#8211; 622127072<\/p>\n<\/div><\/div>\n<\/div>\n\n\n\n<div class=\"wp-block-column is-layout-flow wp-block-column-is-layout-flow\" style=\"flex-basis:20%\"><\/div>\n<\/div>\n\n\n\n<div style=\"height:140px\" aria-hidden=\"true\" class=\"wp-block-spacer\"><\/div>\n<\/div><\/div>\n","protected":false},"excerpt":{"rendered":"<p>\u00bfEres de M\u00e1laga capital y quieres que hacernos un pedido? \u00a1Te lo llevamos GRATIS a casa! Solo tienes que acceder a trav\u00e9s de este enlace y darte de alta: 100% vegetal Todos nuestros productos son 100% vegetales. Sin gluten Tenemos una variedad de productos sin gluten. Encarga tu compra La tendr\u00e1s lista para recoger o&hellip;&nbsp;<a href=\"https:\/\/thegreengrocery.es\/\" rel=\"bookmark\">Leer m\u00e1s &raquo;<span class=\"screen-reader-text\">Inicio<\/span><\/a><\/p>\n","protected":false},"author":1,"featured_media":0,"parent":0,"menu_order":0,"comment_status":"closed","ping_status":"closed","template":"","meta":{"neve_meta_sidebar":"","neve_meta_container":"","neve_meta_enable_content_width":"on","neve_meta_content_width":100,"neve_meta_title_alignment":"","neve_meta_author_avatar":"","neve_post_elements_order":"","neve_meta_disable_header":"off","neve_meta_disable_footer":"on","neve_meta_disable_title":"on","footnotes":""},"class_list":["post-10","page","type-page","status-publish","hentry"],"_links":{"self":[{"href":"https:\/\/thegreengrocery.es\/index.php\/wp-json\/wp\/v2\/pages\/10","targetHints":{"allow":["GET"]}}],"collection":[{"href":"https:\/\/thegreengrocery.es\/index.php\/wp-json\/wp\/v2\/pages"}],"about":[{"href":"https:\/\/thegreengrocery.es\/index.php\/wp-json\/wp\/v2\/types\/page"}],"author":[{"embeddable":true,"href":"https:\/\/thegreengrocery.es\/index.php\/wp-json\/wp\/v2\/users\/1"}],"replies":[{"embeddable":true,"href":"https:\/\/thegreengrocery.es\/index.php\/wp-json\/wp\/v2\/comments?post=10"}],"version-history":[{"count":19,"href":"https:\/\/thegreengrocery.es\/index.php\/wp-json\/wp\/v2\/pages\/10\/revisions"}],"predecessor-version":[{"id":97,"href":"https:\/\/thegreengrocery.es\/index.php\/wp-json\/wp\/v2\/pages\/10\/revisions\/97"}],"wp:attachment":[{"href":"https:\/\/thegreengrocery.es\/index.php\/wp-json\/wp\/v2\/media?parent=10"}],"curies":[{"name":"wp","href":"https:\/\/api.w.org\/{rel}","templated":true}]}}